{"id":301,"date":"2024-11-03T15:25:31","date_gmt":"2024-11-03T14:25:31","guid":{"rendered":"https:\/\/geraldinefredon.com\/?page_id=301"},"modified":"2026-04-03T20:00:18","modified_gmt":"2026-04-03T18:00:18","slug":"la-synthese","status":"publish","type":"page","link":"https:\/\/geraldinefredon.com\/index.php\/la-synthese\/","title":{"rendered":"La synth\u00e8se &#038; Le triptyque"},"content":{"rendered":"\n<figure class=\"wp-block-image size-large\"><img loading=\"lazy\" decoding=\"async\" width=\"1024\" height=\"724\" src=\"http:\/\/geraldinefredon.com\/wp-content\/uploads\/2024\/11\/A4-synthese-oui-1024x724.jpg\" alt=\"\" class=\"wp-image-268\" srcset=\"https:\/\/geraldinefredon.com\/wp-content\/uploads\/2024\/11\/A4-synthese-oui-1024x724.jpg 1024w, https:\/\/geraldinefredon.com\/wp-content\/uploads\/2024\/11\/A4-synthese-oui-300x212.jpg 300w, https:\/\/geraldinefredon.com\/wp-content\/uploads\/2024\/11\/A4-synthese-oui-768x543.jpg 768w, https:\/\/geraldinefredon.com\/wp-content\/uploads\/2024\/11\/A4-synthese-oui-1536x1086.jpg 1536w, https:\/\/geraldinefredon.com\/wp-content\/uploads\/2024\/11\/A4-synthese-oui-2048x1448.jpg 2048w, https:\/\/geraldinefredon.com\/wp-content\/uploads\/2024\/11\/A4-synthese-oui-85x60.jpg 85w\" sizes=\"(max-width: 1024px) 100vw, 1024px\" \/><\/figure>\n\n\n\n<p>\ud83c\udf1fEn partage avec vous, la merveilleuse citation de \u201cFran\u00e7ois d\u2019 Assises\u201c<br>\u201cCelui, qui travaille avec ses mains, est un ouvrier.<br>Celui, qui travaille avec ses mains et sa t\u00eate, est un artisan.<br>Celui, qui travaille avec ses mains, sa t\u00eate et son c\u0153ur, est un artiste.\u201c<br>C\u2019est bien le personnage que je nous souhaite voir \u00e9clore dans nos vies.<\/p>\n","protected":false},"excerpt":{"rendered":"<p>\ud83c\udf1fEn partage avec vous, la merveilleuse citation de \u201cFran\u00e7ois d\u2019 Assises\u201c\u201cCelui, qui travaille avec ses mains, est un ouvrier.Celui, qui travaille avec ses mains et &hellip; <\/p>\n","protected":false},"author":1,"featured_media":0,"parent":0,"menu_order":0,"comment_status":"closed","ping_status":"closed","template":"","meta":{"om_disable_all_campaigns":false,"_monsterinsights_skip_tracking":false,"_monsterinsights_sitenote_active":false,"_monsterinsights_sitenote_note":"","_monsterinsights_sitenote_category":0,"footnotes":""},"aioseo_notices":[],"_links":{"self":[{"href":"https:\/\/geraldinefredon.com\/index.php\/wp-json\/wp\/v2\/pages\/301"}],"collection":[{"href":"https:\/\/geraldinefredon.com\/index.php\/wp-json\/wp\/v2\/pages"}],"about":[{"href":"https:\/\/geraldinefredon.com\/index.php\/wp-json\/wp\/v2\/types\/page"}],"author":[{"embeddable":true,"href":"https:\/\/geraldinefredon.com\/index.php\/wp-json\/wp\/v2\/users\/1"}],"replies":[{"embeddable":true,"href":"https:\/\/geraldinefredon.com\/index.php\/wp-json\/wp\/v2\/comments?post=301"}],"version-history":[{"count":5,"href":"https:\/\/geraldinefredon.com\/index.php\/wp-json\/wp\/v2\/pages\/301\/revisions"}],"predecessor-version":[{"id":1532,"href":"https:\/\/geraldinefredon.com\/index.php\/wp-json\/wp\/v2\/pages\/301\/revisions\/1532"}],"wp:attachment":[{"href":"https:\/\/geraldinefredon.com\/index.php\/wp-json\/wp\/v2\/media?parent=301"}],"curies":[{"name":"wp","href":"https:\/\/api.w.org\/{rel}","templated":true}]}}