{"id":287,"date":"2024-11-03T15:17:13","date_gmt":"2024-11-03T14:17:13","guid":{"rendered":"https:\/\/geraldinefredon.com\/?page_id=287"},"modified":"2026-04-03T19:24:18","modified_gmt":"2026-04-03T17:24:18","slug":"la-peinture","status":"publish","type":"page","link":"https:\/\/geraldinefredon.com\/index.php\/la-peinture\/","title":{"rendered":"peinture*"},"content":{"rendered":"\n<figure class=\"wp-block-image size-large\"><img loading=\"lazy\" decoding=\"async\" width=\"1024\" height=\"329\" src=\"https:\/\/geraldinefredon.com\/wp-content\/uploads\/2024\/11\/FORMAT-Bandeau-rubriques-PEINTURE-1024x329.jpg\" alt=\"\" class=\"wp-image-288\" srcset=\"https:\/\/geraldinefredon.com\/wp-content\/uploads\/2024\/11\/FORMAT-Bandeau-rubriques-PEINTURE-1024x329.jpg 1024w, https:\/\/geraldinefredon.com\/wp-content\/uploads\/2024\/11\/FORMAT-Bandeau-rubriques-PEINTURE-300x96.jpg 300w, https:\/\/geraldinefredon.com\/wp-content\/uploads\/2024\/11\/FORMAT-Bandeau-rubriques-PEINTURE-768x247.jpg 768w, https:\/\/geraldinefredon.com\/wp-content\/uploads\/2024\/11\/FORMAT-Bandeau-rubriques-PEINTURE-1536x494.jpg 1536w, https:\/\/geraldinefredon.com\/wp-content\/uploads\/2024\/11\/FORMAT-Bandeau-rubriques-PEINTURE-2048x658.jpg 2048w, https:\/\/geraldinefredon.com\/wp-content\/uploads\/2024\/11\/FORMAT-Bandeau-rubriques-PEINTURE-187x60.jpg 187w\" sizes=\"(max-width: 1024px) 100vw, 1024px\" \/><\/figure>\n\n\n\n<p><em>&#8220;L&#8217;Art est une des formes les plus puissantes de pri\u00e8re&#8221;<\/em><br>JULIA CAMERON<br><\/p>\n\n\n\n<figure class=\"wp-block-image size-large\"><img loading=\"lazy\" decoding=\"async\" width=\"724\" height=\"1024\" src=\"https:\/\/geraldinefredon.com\/wp-content\/uploads\/2024\/11\/peinture-A4-1-724x1024.jpg\" alt=\"\" class=\"wp-image-290\" srcset=\"https:\/\/geraldinefredon.com\/wp-content\/uploads\/2024\/11\/peinture-A4-1-724x1024.jpg 724w, https:\/\/geraldinefredon.com\/wp-content\/uploads\/2024\/11\/peinture-A4-1-212x300.jpg 212w, https:\/\/geraldinefredon.com\/wp-content\/uploads\/2024\/11\/peinture-A4-1-768x1086.jpg 768w, https:\/\/geraldinefredon.com\/wp-content\/uploads\/2024\/11\/peinture-A4-1-1086x1536.jpg 1086w, https:\/\/geraldinefredon.com\/wp-content\/uploads\/2024\/11\/peinture-A4-1-1448x2048.jpg 1448w, https:\/\/geraldinefredon.com\/wp-content\/uploads\/2024\/11\/peinture-A4-1-42x60.jpg 42w, https:\/\/geraldinefredon.com\/wp-content\/uploads\/2024\/11\/peinture-A4-1-scaled.jpg 1810w\" sizes=\"(max-width: 724px) 100vw, 724px\" \/><\/figure>\n\n\n\n<figure class=\"wp-block-image size-large\"><img loading=\"lazy\" decoding=\"async\" width=\"768\" height=\"1024\" src=\"https:\/\/geraldinefredon.com\/wp-content\/uploads\/2024\/11\/IMG_3263-768x1024.jpg\" alt=\"\" class=\"wp-image-304\" srcset=\"https:\/\/geraldinefredon.com\/wp-content\/uploads\/2024\/11\/IMG_3263-768x1024.jpg 768w, https:\/\/geraldinefredon.com\/wp-content\/uploads\/2024\/11\/IMG_3263-225x300.jpg 225w, https:\/\/geraldinefredon.com\/wp-content\/uploads\/2024\/11\/IMG_3263-1152x1536.jpg 1152w, https:\/\/geraldinefredon.com\/wp-content\/uploads\/2024\/11\/IMG_3263-1536x2048.jpg 1536w, https:\/\/geraldinefredon.com\/wp-content\/uploads\/2024\/11\/IMG_3263-45x60.jpg 45w, https:\/\/geraldinefredon.com\/wp-content\/uploads\/2024\/11\/IMG_3263-scaled.jpg 1920w\" sizes=\"(max-width: 768px) 100vw, 768px\" \/><\/figure>\n\n\n\n<figure class=\"wp-block-image size-large\"><img loading=\"lazy\" decoding=\"async\" width=\"768\" height=\"1024\" src=\"http:\/\/geraldinefredon.com\/wp-content\/uploads\/2024\/11\/IMG_3290-768x1024.jpg\" alt=\"\" class=\"wp-image-306\" srcset=\"https:\/\/geraldinefredon.com\/wp-content\/uploads\/2024\/11\/IMG_3290-768x1024.jpg 768w, https:\/\/geraldinefredon.com\/wp-content\/uploads\/2024\/11\/IMG_3290-225x300.jpg 225w, https:\/\/geraldinefredon.com\/wp-content\/uploads\/2024\/11\/IMG_3290-1152x1536.jpg 1152w, https:\/\/geraldinefredon.com\/wp-content\/uploads\/2024\/11\/IMG_3290-1536x2048.jpg 1536w, https:\/\/geraldinefredon.com\/wp-content\/uploads\/2024\/11\/IMG_3290-45x60.jpg 45w, https:\/\/geraldinefredon.com\/wp-content\/uploads\/2024\/11\/IMG_3290-scaled.jpg 1920w\" sizes=\"(max-width: 768px) 100vw, 768px\" \/><\/figure>\n\n\n\n<p><\/p>\n\n\n\n<p>Quelques photos vracs de ma derni\u00e8re expo du march\u00e9 de Noel 2025 sur Lyon. <br>THEME. La p\u00e9pite d&#8217;Or, r\u00e9ajourn\u00e9e \u00e0 l&#8217;heure d&#8217;aujourd&#8217;hui &#8211; <br>Sur les 3 puissances primaires \u00e0 partir desquelles se cr\u00e9ent et se d\u00e9ploient l&#8217;arc en ciel couleur que l&#8217;on connait. <br>Chaque toiles (parfum\u00e9es du parfum de couleur OR ION et\/ou Alth\u00e9arah qui lui est associ\u00e9) est accompagn\u00e9es de son carton d\u00e9finition (en mati\u00e8re satin) : &#8220;P\u00e9pites d&#8217;Or&#8221; et symbolique color\u00e9e des  \u201c3 couleurs primaires\u201c + des 3 m\u00e9taux \u201cCuivre\/Or\/Argent\u201c (d\u00e9pos\u00e9es sur chacune des toiles en feuilles fines).<br>Puissant travail d&#8217;harmonie color\u00e9e en silence ; de mati\u00e8res organis\u00e9es et recompos\u00e9es, d\u00e9pos\u00e9es, fragment\u00e9es, d\u00e9coup\u00e9es, \u00e9miett\u00e9es, de fluides \u00e9tal\u00e9s et de densit\u00e9 \u00e0 d&#8217;autre, de volumes et de plat \u00e0 certain endroit, de l\u00e9ger lumineux clair aux lourds ombrageux fonc\u00e9s ; ici un constant travail d&#8217;accord et d&#8217;alliance entre les 2 dans le jeu de la danse des contrastes et ce, pour le meilleur.<\/p>\n\n\n\n<figure class=\"wp-block-gallery has-nested-images columns-default is-cropped wp-block-gallery-1 is-layout-flex wp-block-gallery-is-layout-flex\">\n<figure class=\"wp-block-image size-large\"><img loading=\"lazy\" decoding=\"async\" width=\"768\" height=\"1024\" data-id=\"1756\" src=\"https:\/\/geraldinefredon.com\/wp-content\/uploads\/2026\/03\/IMG_5493-768x1024.jpg\" alt=\"\" class=\"wp-image-1756\" srcset=\"https:\/\/geraldinefredon.com\/wp-content\/uploads\/2026\/03\/IMG_5493-768x1024.jpg 768w, https:\/\/geraldinefredon.com\/wp-content\/uploads\/2026\/03\/IMG_5493-225x300.jpg 225w, https:\/\/geraldinefredon.com\/wp-content\/uploads\/2026\/03\/IMG_5493-1152x1536.jpg 1152w, https:\/\/geraldinefredon.com\/wp-content\/uploads\/2026\/03\/IMG_5493-1536x2048.jpg 1536w, https:\/\/geraldinefredon.com\/wp-content\/uploads\/2026\/03\/IMG_5493-45x60.jpg 45w, https:\/\/geraldinefredon.com\/wp-content\/uploads\/2026\/03\/IMG_5493-scaled.jpg 1920w\" sizes=\"(max-width: 768px) 100vw, 768px\" \/><\/figure>\n\n\n\n<figure class=\"wp-block-image size-large\"><img loading=\"lazy\" decoding=\"async\" width=\"768\" height=\"1024\" data-id=\"1759\" src=\"https:\/\/geraldinefredon.com\/wp-content\/uploads\/2026\/03\/IMG_5494-768x1024.jpg\" alt=\"\" class=\"wp-image-1759\" srcset=\"https:\/\/geraldinefredon.com\/wp-content\/uploads\/2026\/03\/IMG_5494-768x1024.jpg 768w, https:\/\/geraldinefredon.com\/wp-content\/uploads\/2026\/03\/IMG_5494-225x300.jpg 225w, https:\/\/geraldinefredon.com\/wp-content\/uploads\/2026\/03\/IMG_5494-1152x1536.jpg 1152w, https:\/\/geraldinefredon.com\/wp-content\/uploads\/2026\/03\/IMG_5494-1536x2048.jpg 1536w, https:\/\/geraldinefredon.com\/wp-content\/uploads\/2026\/03\/IMG_5494-45x60.jpg 45w, https:\/\/geraldinefredon.com\/wp-content\/uploads\/2026\/03\/IMG_5494-scaled.jpg 1920w\" sizes=\"(max-width: 768px) 100vw, 768px\" \/><\/figure>\n\n\n\n<figure class=\"wp-block-image size-large\"><img loading=\"lazy\" decoding=\"async\" width=\"1024\" height=\"651\" data-id=\"1762\" src=\"https:\/\/geraldinefredon.com\/wp-content\/uploads\/2026\/03\/IMG_5503-1024x651.jpg\" alt=\"\" class=\"wp-image-1762\" srcset=\"https:\/\/geraldinefredon.com\/wp-content\/uploads\/2026\/03\/IMG_5503-1024x651.jpg 1024w, https:\/\/geraldinefredon.com\/wp-content\/uploads\/2026\/03\/IMG_5503-300x191.jpg 300w, https:\/\/geraldinefredon.com\/wp-content\/uploads\/2026\/03\/IMG_5503-768x488.jpg 768w, https:\/\/geraldinefredon.com\/wp-content\/uploads\/2026\/03\/IMG_5503-1536x976.jpg 1536w, https:\/\/geraldinefredon.com\/wp-content\/uploads\/2026\/03\/IMG_5503-2048x1301.jpg 2048w, https:\/\/geraldinefredon.com\/wp-content\/uploads\/2026\/03\/IMG_5503-94x60.jpg 94w\" sizes=\"(max-width: 1024px) 100vw, 1024px\" \/><\/figure>\n\n\n\n<figure class=\"wp-block-image size-large\"><img loading=\"lazy\" decoding=\"async\" width=\"768\" height=\"1024\" data-id=\"1764\" src=\"https:\/\/geraldinefredon.com\/wp-content\/uploads\/2026\/03\/IMG_5526-768x1024.jpg\" alt=\"\" class=\"wp-image-1764\" srcset=\"https:\/\/geraldinefredon.com\/wp-content\/uploads\/2026\/03\/IMG_5526-768x1024.jpg 768w, https:\/\/geraldinefredon.com\/wp-content\/uploads\/2026\/03\/IMG_5526-225x300.jpg 225w, https:\/\/geraldinefredon.com\/wp-content\/uploads\/2026\/03\/IMG_5526-1152x1536.jpg 1152w, https:\/\/geraldinefredon.com\/wp-content\/uploads\/2026\/03\/IMG_5526-1536x2048.jpg 1536w, https:\/\/geraldinefredon.com\/wp-content\/uploads\/2026\/03\/IMG_5526-45x60.jpg 45w, https:\/\/geraldinefredon.com\/wp-content\/uploads\/2026\/03\/IMG_5526-scaled.jpg 1920w\" sizes=\"(max-width: 768px) 100vw, 768px\" \/><\/figure>\n\n\n\n<figure class=\"wp-block-image size-large\"><img loading=\"lazy\" decoding=\"async\" width=\"768\" height=\"1024\" data-id=\"1766\" src=\"https:\/\/geraldinefredon.com\/wp-content\/uploads\/2026\/03\/IMG_5527-1-768x1024.jpg\" alt=\"\" class=\"wp-image-1766\" srcset=\"https:\/\/geraldinefredon.com\/wp-content\/uploads\/2026\/03\/IMG_5527-1-768x1024.jpg 768w, https:\/\/geraldinefredon.com\/wp-content\/uploads\/2026\/03\/IMG_5527-1-225x300.jpg 225w, https:\/\/geraldinefredon.com\/wp-content\/uploads\/2026\/03\/IMG_5527-1-1152x1536.jpg 1152w, https:\/\/geraldinefredon.com\/wp-content\/uploads\/2026\/03\/IMG_5527-1-1536x2048.jpg 1536w, https:\/\/geraldinefredon.com\/wp-content\/uploads\/2026\/03\/IMG_5527-1-45x60.jpg 45w, https:\/\/geraldinefredon.com\/wp-content\/uploads\/2026\/03\/IMG_5527-1-scaled.jpg 1920w\" sizes=\"(max-width: 768px) 100vw, 768px\" \/><\/figure>\n\n\n\n<figure class=\"wp-block-image size-large\"><img loading=\"lazy\" decoding=\"async\" width=\"1024\" height=\"768\" data-id=\"1767\" src=\"https:\/\/geraldinefredon.com\/wp-content\/uploads\/2026\/03\/IMG_5536-1-1024x768.jpg\" alt=\"\" class=\"wp-image-1767\" srcset=\"https:\/\/geraldinefredon.com\/wp-content\/uploads\/2026\/03\/IMG_5536-1-1024x768.jpg 1024w, https:\/\/geraldinefredon.com\/wp-content\/uploads\/2026\/03\/IMG_5536-1-300x225.jpg 300w, https:\/\/geraldinefredon.com\/wp-content\/uploads\/2026\/03\/IMG_5536-1-768x576.jpg 768w, https:\/\/geraldinefredon.com\/wp-content\/uploads\/2026\/03\/IMG_5536-1-1536x1152.jpg 1536w, https:\/\/geraldinefredon.com\/wp-content\/uploads\/2026\/03\/IMG_5536-1-2048x1536.jpg 2048w, https:\/\/geraldinefredon.com\/wp-content\/uploads\/2026\/03\/IMG_5536-1-80x60.jpg 80w\" sizes=\"(max-width: 1024px) 100vw, 1024px\" \/><\/figure>\n\n\n\n<figure class=\"wp-block-image size-large\"><img loading=\"lazy\" decoding=\"async\" width=\"1024\" height=\"768\" data-id=\"1760\" src=\"https:\/\/geraldinefredon.com\/wp-content\/uploads\/2026\/03\/IMG_5536-1024x768.jpg\" alt=\"\" class=\"wp-image-1760\" srcset=\"https:\/\/geraldinefredon.com\/wp-content\/uploads\/2026\/03\/IMG_5536-1024x768.jpg 1024w, https:\/\/geraldinefredon.com\/wp-content\/uploads\/2026\/03\/IMG_5536-300x225.jpg 300w, https:\/\/geraldinefredon.com\/wp-content\/uploads\/2026\/03\/IMG_5536-768x576.jpg 768w, https:\/\/geraldinefredon.com\/wp-content\/uploads\/2026\/03\/IMG_5536-1536x1152.jpg 1536w, https:\/\/geraldinefredon.com\/wp-content\/uploads\/2026\/03\/IMG_5536-2048x1536.jpg 2048w, https:\/\/geraldinefredon.com\/wp-content\/uploads\/2026\/03\/IMG_5536-80x60.jpg 80w\" sizes=\"(max-width: 1024px) 100vw, 1024px\" \/><\/figure>\n\n\n\n<figure class=\"wp-block-image size-large\"><img loading=\"lazy\" decoding=\"async\" width=\"1024\" height=\"768\" data-id=\"1757\" src=\"https:\/\/geraldinefredon.com\/wp-content\/uploads\/2026\/03\/IMG_5537-1024x768.jpg\" alt=\"\" class=\"wp-image-1757\" srcset=\"https:\/\/geraldinefredon.com\/wp-content\/uploads\/2026\/03\/IMG_5537-1024x768.jpg 1024w, https:\/\/geraldinefredon.com\/wp-content\/uploads\/2026\/03\/IMG_5537-300x225.jpg 300w, https:\/\/geraldinefredon.com\/wp-content\/uploads\/2026\/03\/IMG_5537-768x576.jpg 768w, https:\/\/geraldinefredon.com\/wp-content\/uploads\/2026\/03\/IMG_5537-1536x1152.jpg 1536w, https:\/\/geraldinefredon.com\/wp-content\/uploads\/2026\/03\/IMG_5537-2048x1536.jpg 2048w, https:\/\/geraldinefredon.com\/wp-content\/uploads\/2026\/03\/IMG_5537-80x60.jpg 80w\" sizes=\"(max-width: 1024px) 100vw, 1024px\" \/><\/figure>\n\n\n\n<figure class=\"wp-block-image size-large\"><img loading=\"lazy\" decoding=\"async\" width=\"1024\" height=\"768\" data-id=\"1768\" src=\"https:\/\/geraldinefredon.com\/wp-content\/uploads\/2026\/03\/IMG_5540-1024x768.jpg\" alt=\"\" class=\"wp-image-1768\" srcset=\"https:\/\/geraldinefredon.com\/wp-content\/uploads\/2026\/03\/IMG_5540-1024x768.jpg 1024w, https:\/\/geraldinefredon.com\/wp-content\/uploads\/2026\/03\/IMG_5540-300x225.jpg 300w, https:\/\/geraldinefredon.com\/wp-content\/uploads\/2026\/03\/IMG_5540-768x576.jpg 768w, https:\/\/geraldinefredon.com\/wp-content\/uploads\/2026\/03\/IMG_5540-1536x1152.jpg 1536w, https:\/\/geraldinefredon.com\/wp-content\/uploads\/2026\/03\/IMG_5540-2048x1536.jpg 2048w, https:\/\/geraldinefredon.com\/wp-content\/uploads\/2026\/03\/IMG_5540-80x60.jpg 80w\" sizes=\"(max-width: 1024px) 100vw, 1024px\" \/><\/figure>\n\n\n\n<figure class=\"wp-block-image size-large\"><img loading=\"lazy\" decoding=\"async\" width=\"1024\" height=\"768\" data-id=\"1763\" src=\"https:\/\/geraldinefredon.com\/wp-content\/uploads\/2026\/03\/IMG_5622-1024x768.jpg\" alt=\"\" class=\"wp-image-1763\" srcset=\"https:\/\/geraldinefredon.com\/wp-content\/uploads\/2026\/03\/IMG_5622-1024x768.jpg 1024w, https:\/\/geraldinefredon.com\/wp-content\/uploads\/2026\/03\/IMG_5622-300x225.jpg 300w, https:\/\/geraldinefredon.com\/wp-content\/uploads\/2026\/03\/IMG_5622-768x576.jpg 768w, https:\/\/geraldinefredon.com\/wp-content\/uploads\/2026\/03\/IMG_5622-1536x1152.jpg 1536w, https:\/\/geraldinefredon.com\/wp-content\/uploads\/2026\/03\/IMG_5622-2048x1536.jpg 2048w, https:\/\/geraldinefredon.com\/wp-content\/uploads\/2026\/03\/IMG_5622-80x60.jpg 80w\" sizes=\"(max-width: 1024px) 100vw, 1024px\" \/><\/figure>\n\n\n\n<figure class=\"wp-block-image size-large\"><img loading=\"lazy\" decoding=\"async\" width=\"768\" height=\"1024\" data-id=\"1761\" src=\"https:\/\/geraldinefredon.com\/wp-content\/uploads\/2026\/03\/IMG_5625-768x1024.jpg\" alt=\"\" class=\"wp-image-1761\" srcset=\"https:\/\/geraldinefredon.com\/wp-content\/uploads\/2026\/03\/IMG_5625-768x1024.jpg 768w, https:\/\/geraldinefredon.com\/wp-content\/uploads\/2026\/03\/IMG_5625-225x300.jpg 225w, https:\/\/geraldinefredon.com\/wp-content\/uploads\/2026\/03\/IMG_5625-1152x1536.jpg 1152w, https:\/\/geraldinefredon.com\/wp-content\/uploads\/2026\/03\/IMG_5625-1536x2048.jpg 1536w, https:\/\/geraldinefredon.com\/wp-content\/uploads\/2026\/03\/IMG_5625-45x60.jpg 45w, https:\/\/geraldinefredon.com\/wp-content\/uploads\/2026\/03\/IMG_5625-scaled.jpg 1920w\" sizes=\"(max-width: 768px) 100vw, 768px\" \/><\/figure>\n\n\n\n<figure class=\"wp-block-image size-large\"><img loading=\"lazy\" decoding=\"async\" width=\"1024\" height=\"768\" data-id=\"1755\" src=\"https:\/\/geraldinefredon.com\/wp-content\/uploads\/2026\/03\/IMG_5629-1024x768.jpg\" alt=\"\" class=\"wp-image-1755\" srcset=\"https:\/\/geraldinefredon.com\/wp-content\/uploads\/2026\/03\/IMG_5629-1024x768.jpg 1024w, https:\/\/geraldinefredon.com\/wp-content\/uploads\/2026\/03\/IMG_5629-300x225.jpg 300w, https:\/\/geraldinefredon.com\/wp-content\/uploads\/2026\/03\/IMG_5629-768x576.jpg 768w, https:\/\/geraldinefredon.com\/wp-content\/uploads\/2026\/03\/IMG_5629-1536x1152.jpg 1536w, https:\/\/geraldinefredon.com\/wp-content\/uploads\/2026\/03\/IMG_5629-2048x1536.jpg 2048w, https:\/\/geraldinefredon.com\/wp-content\/uploads\/2026\/03\/IMG_5629-80x60.jpg 80w\" sizes=\"(max-width: 1024px) 100vw, 1024px\" \/><\/figure>\n\n\n\n<figure class=\"wp-block-image size-large\"><img loading=\"lazy\" decoding=\"async\" width=\"768\" height=\"1024\" data-id=\"1758\" src=\"https:\/\/geraldinefredon.com\/wp-content\/uploads\/2026\/03\/IMG_5631-768x1024.jpg\" alt=\"\" class=\"wp-image-1758\" srcset=\"https:\/\/geraldinefredon.com\/wp-content\/uploads\/2026\/03\/IMG_5631-768x1024.jpg 768w, https:\/\/geraldinefredon.com\/wp-content\/uploads\/2026\/03\/IMG_5631-225x300.jpg 225w, https:\/\/geraldinefredon.com\/wp-content\/uploads\/2026\/03\/IMG_5631-1152x1536.jpg 1152w, https:\/\/geraldinefredon.com\/wp-content\/uploads\/2026\/03\/IMG_5631-1536x2048.jpg 1536w, https:\/\/geraldinefredon.com\/wp-content\/uploads\/2026\/03\/IMG_5631-45x60.jpg 45w, https:\/\/geraldinefredon.com\/wp-content\/uploads\/2026\/03\/IMG_5631-scaled.jpg 1920w\" sizes=\"(max-width: 768px) 100vw, 768px\" \/><\/figure>\n\n\n\n<figure class=\"wp-block-image size-large\"><img loading=\"lazy\" decoding=\"async\" width=\"768\" height=\"1024\" data-id=\"1754\" src=\"https:\/\/geraldinefredon.com\/wp-content\/uploads\/2026\/03\/IMG_5632-768x1024.jpg\" alt=\"\" class=\"wp-image-1754\" srcset=\"https:\/\/geraldinefredon.com\/wp-content\/uploads\/2026\/03\/IMG_5632-768x1024.jpg 768w, https:\/\/geraldinefredon.com\/wp-content\/uploads\/2026\/03\/IMG_5632-225x300.jpg 225w, https:\/\/geraldinefredon.com\/wp-content\/uploads\/2026\/03\/IMG_5632-1152x1536.jpg 1152w, https:\/\/geraldinefredon.com\/wp-content\/uploads\/2026\/03\/IMG_5632-1536x2048.jpg 1536w, https:\/\/geraldinefredon.com\/wp-content\/uploads\/2026\/03\/IMG_5632-45x60.jpg 45w, https:\/\/geraldinefredon.com\/wp-content\/uploads\/2026\/03\/IMG_5632-scaled.jpg 1920w\" sizes=\"(max-width: 768px) 100vw, 768px\" \/><\/figure>\n<\/figure>\n\n\n\n<p><\/p>\n\n\n\n<p>Ci-dessous &#8211; Exposition d&#8217;\u0153uvres nomm\u00e9es \u201cP\u00e9pites\u201c petits formats.<\/p>\n\n\n\n<figure class=\"wp-block-image size-large\"><img loading=\"lazy\" decoding=\"async\" width=\"768\" height=\"1024\" src=\"https:\/\/geraldinefredon.com\/wp-content\/uploads\/2025\/02\/IMG_2791-768x1024.jpeg\" alt=\"\" class=\"wp-image-324\" srcset=\"https:\/\/geraldinefredon.com\/wp-content\/uploads\/2025\/02\/IMG_2791-768x1024.jpeg 768w, https:\/\/geraldinefredon.com\/wp-content\/uploads\/2025\/02\/IMG_2791-225x300.jpeg 225w, https:\/\/geraldinefredon.com\/wp-content\/uploads\/2025\/02\/IMG_2791-1152x1536.jpeg 1152w, https:\/\/geraldinefredon.com\/wp-content\/uploads\/2025\/02\/IMG_2791-1536x2048.jpeg 1536w, https:\/\/geraldinefredon.com\/wp-content\/uploads\/2025\/02\/IMG_2791-45x60.jpeg 45w, https:\/\/geraldinefredon.com\/wp-content\/uploads\/2025\/02\/IMG_2791-scaled.jpeg 1920w\" sizes=\"(max-width: 768px) 100vw, 768px\" \/><\/figure>\n\n\n\n<figure class=\"wp-block-image size-large\"><img loading=\"lazy\" decoding=\"async\" width=\"768\" height=\"1024\" src=\"https:\/\/geraldinefredon.com\/wp-content\/uploads\/2025\/02\/IMG_2792-768x1024.jpeg\" alt=\"\" class=\"wp-image-325\" srcset=\"https:\/\/geraldinefredon.com\/wp-content\/uploads\/2025\/02\/IMG_2792-768x1024.jpeg 768w, https:\/\/geraldinefredon.com\/wp-content\/uploads\/2025\/02\/IMG_2792-225x300.jpeg 225w, https:\/\/geraldinefredon.com\/wp-content\/uploads\/2025\/02\/IMG_2792-1152x1536.jpeg 1152w, https:\/\/geraldinefredon.com\/wp-content\/uploads\/2025\/02\/IMG_2792-1536x2048.jpeg 1536w, https:\/\/geraldinefredon.com\/wp-content\/uploads\/2025\/02\/IMG_2792-45x60.jpeg 45w, https:\/\/geraldinefredon.com\/wp-content\/uploads\/2025\/02\/IMG_2792-scaled.jpeg 1920w\" sizes=\"(max-width: 768px) 100vw, 768px\" \/><\/figure>\n\n\n\n<figure class=\"wp-block-image size-large\"><img loading=\"lazy\" decoding=\"async\" width=\"768\" height=\"1024\" src=\"https:\/\/geraldinefredon.com\/wp-content\/uploads\/2025\/02\/IMG_2794-1-768x1024.jpeg\" alt=\"\" class=\"wp-image-335\" srcset=\"https:\/\/geraldinefredon.com\/wp-content\/uploads\/2025\/02\/IMG_2794-1-768x1024.jpeg 768w, https:\/\/geraldinefredon.com\/wp-content\/uploads\/2025\/02\/IMG_2794-1-225x300.jpeg 225w, https:\/\/geraldinefredon.com\/wp-content\/uploads\/2025\/02\/IMG_2794-1-1152x1536.jpeg 1152w, https:\/\/geraldinefredon.com\/wp-content\/uploads\/2025\/02\/IMG_2794-1-1536x2048.jpeg 1536w, https:\/\/geraldinefredon.com\/wp-content\/uploads\/2025\/02\/IMG_2794-1-45x60.jpeg 45w, https:\/\/geraldinefredon.com\/wp-content\/uploads\/2025\/02\/IMG_2794-1-scaled.jpeg 1920w\" sizes=\"(max-width: 768px) 100vw, 768px\" \/><\/figure>\n\n\n\n<figure class=\"wp-block-image size-large\"><img loading=\"lazy\" decoding=\"async\" width=\"768\" height=\"1024\" src=\"https:\/\/geraldinefredon.com\/wp-content\/uploads\/2025\/02\/IMG_2793-1-768x1024.jpeg\" alt=\"\" class=\"wp-image-334\" srcset=\"https:\/\/geraldinefredon.com\/wp-content\/uploads\/2025\/02\/IMG_2793-1-768x1024.jpeg 768w, https:\/\/geraldinefredon.com\/wp-content\/uploads\/2025\/02\/IMG_2793-1-225x300.jpeg 225w, https:\/\/geraldinefredon.com\/wp-content\/uploads\/2025\/02\/IMG_2793-1-1152x1536.jpeg 1152w, https:\/\/geraldinefredon.com\/wp-content\/uploads\/2025\/02\/IMG_2793-1-1536x2048.jpeg 1536w, https:\/\/geraldinefredon.com\/wp-content\/uploads\/2025\/02\/IMG_2793-1-45x60.jpeg 45w, https:\/\/geraldinefredon.com\/wp-content\/uploads\/2025\/02\/IMG_2793-1-scaled.jpeg 1920w\" sizes=\"(max-width: 768px) 100vw, 768px\" \/><\/figure>\n\n\n\n<figure class=\"wp-block-image size-large\"><img loading=\"lazy\" decoding=\"async\" width=\"768\" height=\"1024\" src=\"https:\/\/geraldinefredon.com\/wp-content\/uploads\/2025\/02\/IMG_2795-1-768x1024.jpeg\" alt=\"\" class=\"wp-image-337\" srcset=\"https:\/\/geraldinefredon.com\/wp-content\/uploads\/2025\/02\/IMG_2795-1-768x1024.jpeg 768w, https:\/\/geraldinefredon.com\/wp-content\/uploads\/2025\/02\/IMG_2795-1-225x300.jpeg 225w, https:\/\/geraldinefredon.com\/wp-content\/uploads\/2025\/02\/IMG_2795-1-1152x1536.jpeg 1152w, https:\/\/geraldinefredon.com\/wp-content\/uploads\/2025\/02\/IMG_2795-1-1536x2048.jpeg 1536w, https:\/\/geraldinefredon.com\/wp-content\/uploads\/2025\/02\/IMG_2795-1-45x60.jpeg 45w, https:\/\/geraldinefredon.com\/wp-content\/uploads\/2025\/02\/IMG_2795-1-scaled.jpeg 1920w\" sizes=\"(max-width: 768px) 100vw, 768px\" \/><\/figure>\n\n\n\n<figure class=\"wp-block-image size-large\"><img loading=\"lazy\" decoding=\"async\" width=\"768\" height=\"1024\" src=\"https:\/\/geraldinefredon.com\/wp-content\/uploads\/2025\/02\/IMG_2820-768x1024.jpeg\" alt=\"\" class=\"wp-image-329\" srcset=\"https:\/\/geraldinefredon.com\/wp-content\/uploads\/2025\/02\/IMG_2820-768x1024.jpeg 768w, https:\/\/geraldinefredon.com\/wp-content\/uploads\/2025\/02\/IMG_2820-225x300.jpeg 225w, https:\/\/geraldinefredon.com\/wp-content\/uploads\/2025\/02\/IMG_2820-1152x1536.jpeg 1152w, https:\/\/geraldinefredon.com\/wp-content\/uploads\/2025\/02\/IMG_2820-1536x2048.jpeg 1536w, https:\/\/geraldinefredon.com\/wp-content\/uploads\/2025\/02\/IMG_2820-45x60.jpeg 45w, https:\/\/geraldinefredon.com\/wp-content\/uploads\/2025\/02\/IMG_2820-scaled.jpeg 1920w\" sizes=\"(max-width: 768px) 100vw, 768px\" \/><\/figure>\n\n\n\n<figure class=\"wp-block-image size-large\"><img loading=\"lazy\" decoding=\"async\" width=\"1024\" height=\"768\" src=\"https:\/\/geraldinefredon.com\/wp-content\/uploads\/2025\/02\/IMG_2828-1024x768.jpeg\" alt=\"\" class=\"wp-image-331\" srcset=\"https:\/\/geraldinefredon.com\/wp-content\/uploads\/2025\/02\/IMG_2828-1024x768.jpeg 1024w, https:\/\/geraldinefredon.com\/wp-content\/uploads\/2025\/02\/IMG_2828-300x225.jpeg 300w, https:\/\/geraldinefredon.com\/wp-content\/uploads\/2025\/02\/IMG_2828-768x576.jpeg 768w, https:\/\/geraldinefredon.com\/wp-content\/uploads\/2025\/02\/IMG_2828-1536x1152.jpeg 1536w, https:\/\/geraldinefredon.com\/wp-content\/uploads\/2025\/02\/IMG_2828-2048x1536.jpeg 2048w, https:\/\/geraldinefredon.com\/wp-content\/uploads\/2025\/02\/IMG_2828-80x60.jpeg 80w\" sizes=\"(max-width: 1024px) 100vw, 1024px\" \/><\/figure>\n\n\n\n<p>Quelques mots et ACTUE de Philippe Bi\u00e9try. \u201cPEINDRE LA MUSIQUE\u201c.<br>https:\/\/zerogravity.com\/fr\/people\/philippe-bietry<br><br>Peindre la musique&#8230; Entendre la couleur &#8211; Module Musique classique<br>Nous travaillerons \u00e0 une \u00e9coute approfondie de la musique et chercherons une transcription,<br>en formes et couleurs, \u00e0 travers diff\u00e9rents exercices, certains libres et improvis\u00e9s, d\u2019autres plus structur\u00e9s<br>L\u2019\u00e9coute attentive \u00e0 partir des sensations corporelles sera le point de d\u00e9part, pour une \u00e9coute \u00e0 la fois active pour l\u2019intention et passive pour la r\u00e9ception.<br>Se laisser traverser par la musique et voir ce qu\u2019elle fait \u00e9merger, traduire son passage en couleurs, en lignes, en formes.<br>parfois dans la rigueur d\u2019une proposition construite.<br>parfois dans une libre improvisation<br>Ce double mouvement a pour but de faire na\u00eetre une r\u00e9\u00e9criture color\u00e9e de la musique .<\/p>\n\n\n\n<p>\u201cLa vis\u00e9e de l\u2019art n\u2019est pas la d\u00e9charge momentan\u00e9e d\u2019une s\u00e9cr\u00e9tion d&#8217;adr\u00e9naline mais la construction patiente, sur la dur\u00e9e d\u2019une vie enti\u00e8re, d\u2019un \u00e9tat de qui\u00e9tude et d\u2019\u00e9merveillement.\u201d&nbsp;&nbsp; Glenn Gould<\/p>\n","protected":false},"excerpt":{"rendered":"<p>&#8220;L&#8217;Art est une des formes les plus puissantes de pri\u00e8re&#8221;JULIA CAMERON Quelques photos vracs de ma derni\u00e8re expo du march\u00e9 de Noel 2025 sur Lyon. &hellip; <\/p>\n","protected":false},"author":1,"featured_media":0,"parent":0,"menu_order":0,"comment_status":"closed","ping_status":"closed","template":"","meta":{"om_disable_all_campaigns":false,"_monsterinsights_skip_tracking":false,"_monsterinsights_sitenote_active":false,"_monsterinsights_sitenote_note":"","_monsterinsights_sitenote_category":0,"footnotes":""},"aioseo_notices":[],"_links":{"self":[{"href":"https:\/\/geraldinefredon.com\/index.php\/wp-json\/wp\/v2\/pages\/287"}],"collection":[{"href":"https:\/\/geraldinefredon.com\/index.php\/wp-json\/wp\/v2\/pages"}],"about":[{"href":"https:\/\/geraldinefredon.com\/index.php\/wp-json\/wp\/v2\/types\/page"}],"author":[{"embeddable":true,"href":"https:\/\/geraldinefredon.com\/index.php\/wp-json\/wp\/v2\/users\/1"}],"replies":[{"embeddable":true,"href":"https:\/\/geraldinefredon.com\/index.php\/wp-json\/wp\/v2\/comments?post=287"}],"version-history":[{"count":21,"href":"https:\/\/geraldinefredon.com\/index.php\/wp-json\/wp\/v2\/pages\/287\/revisions"}],"predecessor-version":[{"id":1891,"href":"https:\/\/geraldinefredon.com\/index.php\/wp-json\/wp\/v2\/pages\/287\/revisions\/1891"}],"wp:attachment":[{"href":"https:\/\/geraldinefredon.com\/index.php\/wp-json\/wp\/v2\/media?parent=287"}],"curies":[{"name":"wp","href":"https:\/\/api.w.org\/{rel}","templated":true}]}}