{"id":278,"date":"2024-11-03T15:17:52","date_gmt":"2024-11-03T14:17:52","guid":{"rendered":"https:\/\/geraldinefredon.com\/?page_id=278"},"modified":"2026-04-03T19:41:59","modified_gmt":"2026-04-03T17:41:59","slug":"le-theme-de-naissance","status":"publish","type":"page","link":"https:\/\/geraldinefredon.com\/index.php\/le-theme-de-naissance\/","title":{"rendered":"th\u00e8me de naissance*"},"content":{"rendered":"\n<figure class=\"wp-block-image size-large\"><img loading=\"lazy\" decoding=\"async\" width=\"1024\" height=\"329\" src=\"https:\/\/geraldinefredon.com\/wp-content\/uploads\/2024\/11\/FORMAT-Bandeau-rubriques-THN-1024x329.jpg\" alt=\"\" class=\"wp-image-279\" srcset=\"https:\/\/geraldinefredon.com\/wp-content\/uploads\/2024\/11\/FORMAT-Bandeau-rubriques-THN-1024x329.jpg 1024w, https:\/\/geraldinefredon.com\/wp-content\/uploads\/2024\/11\/FORMAT-Bandeau-rubriques-THN-300x96.jpg 300w, https:\/\/geraldinefredon.com\/wp-content\/uploads\/2024\/11\/FORMAT-Bandeau-rubriques-THN-768x247.jpg 768w, https:\/\/geraldinefredon.com\/wp-content\/uploads\/2024\/11\/FORMAT-Bandeau-rubriques-THN-1536x494.jpg 1536w, https:\/\/geraldinefredon.com\/wp-content\/uploads\/2024\/11\/FORMAT-Bandeau-rubriques-THN-2048x658.jpg 2048w, https:\/\/geraldinefredon.com\/wp-content\/uploads\/2024\/11\/FORMAT-Bandeau-rubriques-THN-187x60.jpg 187w\" sizes=\"(max-width: 1024px) 100vw, 1024px\" \/><\/figure>\n\n\n\n<p>Ton th\u00e8me, tellement te rappel qu&#8217; il n\u2019y a pas d\u2019autre chemin possible que d\u2019\u00eatre pleinement toi-m\u00eame.&nbsp;<br>Ta Raison d&#8217;\u00catre est une v\u00e9ritable rivi\u00e8re de b\u00e9n\u00e9dictions une fois r\u00e9v\u00e9l\u00e9e, formul\u00e9e, reconnue et mise \u00e0 l&#8217;avant-sc\u00e8ne du quotidien.<\/p>\n\n\n\n<figure class=\"wp-block-image size-full\"><img loading=\"lazy\" decoding=\"async\" width=\"1024\" height=\"724\" src=\"https:\/\/geraldinefredon.com\/wp-content\/uploads\/2025\/10\/theme-A4-1024x724-1.jpg\" alt=\"\" class=\"wp-image-1510\" srcset=\"https:\/\/geraldinefredon.com\/wp-content\/uploads\/2025\/10\/theme-A4-1024x724-1.jpg 1024w, https:\/\/geraldinefredon.com\/wp-content\/uploads\/2025\/10\/theme-A4-1024x724-1-300x212.jpg 300w, https:\/\/geraldinefredon.com\/wp-content\/uploads\/2025\/10\/theme-A4-1024x724-1-768x543.jpg 768w, https:\/\/geraldinefredon.com\/wp-content\/uploads\/2025\/10\/theme-A4-1024x724-1-85x60.jpg 85w\" sizes=\"(max-width: 1024px) 100vw, 1024px\" \/><\/figure>\n\n\n\n<hr class=\"wp-block-separator has-alpha-channel-opacity\"\/>\n\n\n\n<h1 class=\"wp-block-heading\"><strong>Ouvrir une voie de connaissance personnelle, toujours  plus approfondie et unique \u00e0 soi pour rejoindre une plus grande \u0153uvre, celle de la croissance collective ; <\/strong><br><strong>voil\u00e0 aussi un des buts du th\u00e8me.<\/strong><\/h1>\n\n\n\n<p>&#8212;&#8212;&#8212;<\/p>\n\n\n\n<p>\u201cTravailler \u00e0 la Connaissance de soi,&nbsp;sera s\u00fbrement ; s\u2019\u00e9lucider en conscience avec le d\u00e9sir r\u00e9el de se conna\u00eetre et se reconna\u00eetre Vivant, Vraiment, V\u00e9ritablement et V\u00e9ridiquement.<\/p>\n\n\n\n<p>\u201cConnais-toi toi-m\u00eame pour mieux agir, d\u00e9gager ta Lumi\u00e8re et ta couleur\u201c.<br>Arouna L.<\/p>\n\n\n\n<p>&#8212;&#8212;&#8212;<\/p>\n\n\n\n<p>Le Th\u00e8me de naissance que j&#8217;ouvre ici en th\u00e9matique avec vous, n&#8217;est pas fig\u00e9.  Quand on l&#8217;aborde, il ne cherche pas la perfection.\u2028 Un th\u00e8me de naissance accepte le changement, la travers\u00e9e, l\u2019ajustement. \u2028Il choisit et invite l\u2019authenticit\u00e9 au travers des masques, \u2028l\u2019int\u00e9gration plut\u00f4t que la lutte int\u00e9rieure,\u2028 la responsabilit\u00e9 plut\u00f4t que le bl\u00e2me.<\/p>\n\n\n\n<p>Il comprend que sa libert\u00e9, sa puissance d&#8217;\u00e2me en chemin \u2028et sa puissance de cr\u00e9ation\u2028naissent d\u2019un m\u00eame endroit : <strong>une relation plus juste et en v\u00e9rit\u00e9 \u00e0 soi-m\u00eame.<\/strong><br>C\u2019est autour de cette vision que peut s\u2019ouvrir le Th\u00e8me.<\/p>\n\n\n\n<p>Quand mon paysage de naissance est \u00e9cout\u00e9e, <em>sans jugements, interpr\u00e9tation ou projections<\/em>  ; il est un miroir du rapport a mon corps, a mon d\u00e9sir, a mes limites, \u00e0 ma valeur personnelle.<br>Le chemin me r\u00e9v\u00e8le. <br>Naviguer aupr\u00e8s de nos attributs\/cl\u00e9s de naissance est un chemin de gu\u00e9rison et d&#8217;expansion.<\/p>\n\n\n\n<p><em>De l&#8217;identit\u00e9 fragment\u00e9e \u00e0 <\/em><i>l&#8217;identit<\/i>\u00e9<em> int\u00e9gr\u00e9e<\/em>\u200b (le jeu de la vie ici sur terre) ;<br>J&#8217;apprends \u00e0 voir, reconnaitre les r\u00f4les fig\u00e9s, agress\u00e9s et\/ ou en fuites de chacun des arch\u00e9types et identit\u00e9s <em>(v\u00e9cues comme)<\/em> s\u00e9par\u00e9es pour tenter et go\u00fbter une r\u00e9union de ce qui a \u00e9t\u00e9 scind\u00e9 <em>(ou de ce qui est v\u00e9cu comme scind\u00e9<\/em>).<\/p>\n\n\n\n<p><em>Quand l\u2019intime et le vuln\u00e9rable du th\u00e8me ouvre une puissance de cr\u00e9ation<\/em> ;\u200b<br>La cr\u00e9ativit\u00e9 n\u2019est pas un talent r\u00e9serv\u00e9 \u00e0 certaines.<br>Elle na\u00eet quand l\u2019\u00e9nergie du vivant est retrouv\u00e9e, apais\u00e9e, honor\u00e9e,<br>et commence \u00e0 circuler comme force de vie.<\/p>\n\n\n\n<p>&#8212;&#8212;&#8212;<\/p>\n\n\n\n<hr class=\"wp-block-separator has-alpha-channel-opacity\"\/>\n\n\n\n<p>Le th\u00e8me de N. apparait \u00eatre un point d\u2019entr\u00e9e, une mani\u00e8re pour toi de nommer ce que tu est en train de ressentir int\u00e9rieurement quand je vais citer tes arch\u00e9types, sans toujours savoir encore comment  l\u2019habiter.<\/p>\n\n\n\n<p><strong>L exp\u00e9rience d&#8217;un th\u00e8me de naissance tel que je le propose, cr\u00e9e des opportunit\u00e9s pour le soi intime.<\/strong> Ce n&#8217;est toujours qu&#8217;un pr\u00e9texte qq part \u00e0 aller te rencontrer sous un nouveau jour, une nouveau menu, une nouvelle formule comme au resto. Tu vas y d\u00e9couvrir des saveurs et en reconna\u00eetre d&#8217;autre .<\/p>\n\n\n\n<p>Ce sont des espace qui permettent une\u00a0<strong>transformation, vivante, ajust\u00e9e \u00e0 ce qui est profond\u00e9ment vrai et\/ou qui r\u00e9sonnera comme vrai pour<\/strong> toi. Parce que, ce que tu cherches, ce n\u2019est pas forc\u00e9ment ce tu penses chercher et trouver. <br>Ce qui est int\u00e9ressant, c\u2019est\u00a0<strong>l\u2019espace que tu souhaite ouvrir pour ta vie<\/strong>.<br>C\u2019est\u00a0<strong>la permission que tu attends inconsciemment pour te donner et cr\u00e9er une r\u00e9alit\u00e9 diff\u00e9rente<\/strong>, align\u00e9e avec tes valeurs et ta vision. <br>C&#8217;est l\u00e0 qu&#8217;on part en voyage.<br>Et Au fil des s\u00e9ances, des processus et du temps, des questions que je vais te poser, les choses vont \u00e9voluer \u00e0 mesure que tu vas te rencontrer profond\u00e9ment ou moins profond\u00e9ment mais on avance ensemble.<br><br>Ce qu\u2019on d\u00e9couvre, c\u2019est que ce que tu cherches vraiment, ce n\u2019est\u00a0<strong>pas<\/strong>\u00a0un accomplissement sur le papier. C\u2019est un\u00a0<strong>\u00e9tat int\u00e9rieur<\/strong>,\u00a0<strong>des qualit\u00e9s d\u2019\u00eatre<\/strong>.<br>C\u2019est une forme de coh\u00e9rence entre ce qui est ressenti, exprim\u00e9, v\u00e9cu. Et c\u2019est cette coh\u00e9rence-l\u00e0 qui, lorsqu\u2019elle se stabilise, permet de prendre des d\u00e9cisions puissantes, simples, parfois radicales, mais qui partent vraiment de toi.<br>\u00c0 partir de l\u00e0, les objectifs de d\u00e9part changent. <br>Parfois, ils se dissolvent d\u2019eux-m\u00eames. Parfois, ils deviennent plus simples, plus l\u00e9gers, plus joyeux, parce qu\u2019ils sont fa\u00e7onn\u00e9s depuis l\u2019int\u00e9rieur, compris et entendu de toi.<br>Ce travail est l\u00e0, pour ne jamais courir vers un r\u00eave, qui n&#8217;est pas le tien et oser imagier une vie diff\u00e9rente (moins en d\u00e9c\u00e9lage avec ce que tu vis et qui est devenu normalis\u00e9).<\/p>\n\n\n\n<p><strong>Le th\u00e8me nettoie (dans le sens qu&#8217;il \u00f4te ce qui emp\u00eache \u201cce qui est\u201c de circuler et d&#8217;\u00eatre accueilli puis travers\u00e9). D\u00e8s lors que quelque chose est vu, verbaliser, quelque chose se passe, un voile se l\u00e8ve et \u00e7a se fait l\u00e0 ou j&#8217;y reconnais une v\u00e9rit\u00e9. Une v\u00e9rit\u00e9 qui par la suite pourra \u00eatre parl\u00e9, chant\u00e9, dans\u00e9. <\/strong><br><strong>Un th\u00e8me <strong>stabilise<\/strong> la direction, la voix, le mouvement dans le temps, par un travail de r\u00e9ajustement dans la r\u00e9p\u00e9tition. <\/strong><br>Il s&#8217;agit toujours de peler les couches les unes apr\u00e8s les autres, retrouver qui je suis.<br><strong> <\/strong><br><strong>Il renforce, active et lib\u00e8re \u00e0 la fois. Il permet, que \u201cje\u201c me sente, vu(e), entendu(e) et responsabilis\u00e9(e) d une mani\u00e8re nouvelle et stimulante<\/strong>&nbsp;pour toujours mieux, sinon autrement, tisser activement ces rappels et\/ou r\u00e9v\u00e9lations dans ma vie de tous les jours. <br>Le th\u00e8me est une opportunit\u00e9 de comprendre les r\u00e9cits plus profonds qui me fa\u00e7onnent et de m aligner plus \u00e9troitement avec cette v\u00e9ritable essence orignelle\/originale en moi.<\/p>\n\n\n\n<p><strong>Il travaillera et \u0153uvrera naturellement apr\u00e8s une s\u00e9ance.<\/strong><\/p>\n\n\n\n<p><strong>Connecter profond\u00e9ment depuis c\u0153ur\/conscience aux personnages des cartes arch\u00e9types de votre th\u00e8me est juste bon et essentiel pour cette discipline. Au travers des arch\u00e9types visibles dans votre th\u00e8me, c&#8217;est tout un pan de l&#8217;humanit\u00e9 qui vous traverse dans votre singularit\u00e9. <\/strong><br><\/p>\n\n\n\n<p>Tu r\u00e9pars avec&nbsp;:<\/p>\n\n\n\n<p>\u2714\ufe0f Ton th\u00e8me PDF 2 versions, des pratiques pour t&#8217;accompagner.&nbsp;<\/p>\n\n\n\n<p>\u2714\ufe0f Une guidance immersion du champ d\u2019\u00e9nergie de ton identit\u00e9 paradoxale (ou c\u0153ur de blason)<\/p>\n\n\n\n<p>\u2714\ufe0f Des questions\/pri\u00e8res qui percutent (\u00e0 envoyer \u00e0 l uni-vers), sinon d\u2019introspection t&#8217;accompagner dans ta grande direction, renouer avec ton choix essentiel .&nbsp;<\/p>\n\n\n\n<p>\u2714\ufe0f Une phrase cl\u00e9 en v\u00e9rit\u00e9 \ud83d\udd11 ; ancrer et\/ou consolider une fr\u00e9quence d&#8217;amour \u00e0 transmuter<\/p>\n\n\n\n<p>&#8212;&#8212;&#8212;<\/p>\n\n\n\n<p>COMMENT JE TRAVAILLE, &#8230;<br>Je travaille avec la symbolique des arcanes de Jodorowsky, d&#8217;oswald Wirth parfois ou encore, de Natacha Kimberly. Nous \u0153uvrons \u00e0 2, avec la force \u00e9vocatoire dessin\u00e9e des lettres h\u00e9bra\u00efques sur ton plan de vie. J&#8217;y m\u00eale aussi les grands axes astrologiques.<br><br>Notre th\u00e8me apparait \u00eatre une combinaison infinie et majestueuse d&#8217;aspects diverses, puissants et tellement \u00e9parses que, tous marchent en nous et s&#8217;y perdent ; de l&#8217;ordonn\u00e9 aux d\u00e9sordonn\u00e9 et inversement &#8211; la vie \u00e0 l&#8217;image d&#8217;un chao d&#8217;apparence pour ainsi mieux r\u00e9unir nos essences. Le th\u00e8me ouvre et r\u00e9oriente le champs de la raison de notre venue. Il permet une clart\u00e9 au mieux et toujours r\u00e9ajust\u00e9e dans nos vies d&#8217;aujourd&#8217;hui et l&#8217;autorise. Et au coeur de nos quotidiens, nos naissance nous invitent \u00e0 go\u00fbter un contentement d&#8217;\u00eatre le chemin et d&#8217;y \u00eatre d\u00e9j\u00e0 sur le chemin &amp; tous d&#8217;\u0153uvrer \u00e0 nos \u00e9chelles si singuli\u00e8res et specifiques.<\/p>\n\n\n\n<p>Pour parler un peu de moi ; <br>De racine juive, taureau asct capricorne, milieu de ciel en scorpion, soleil oppos\u00e9 uranus, venus &amp; lune en b\u00e9lier, mars en balance pour un mercure en G\u00e9meaux, Nd nd en Cancer, myst\u00e8re et investigations sont mes portes d&#8217;entr\u00e9es et je n&#8217;ai pas pu passer \u00e0 c\u00f4t\u00e9 de la magnificence pacifique des lettres h\u00e9bra\u00efques &#8211; <br>alors un bref mot sur la th\u00e9matique :<br><strong>Les\u00a0Lettres H\u00e9bra\u00efques\u00a0mariant\u00a0Art et Spiritualit\u00e9 cr\u00e9ent en nous\u00a0une exp\u00e9rience\u00a0riche, et\u00a0le coeur ouvert, \u00e0 \u00e9couter leur murmure, les voir, les humer, palper sinon toucher du doigt leur dessin, go\u00fbter leur univers comme on go\u00fbterai un met d\u00e9licieux et pourquoi pas les danser, nous touchent <\/strong>tout simplement.<\/p>\n\n\n\n<p>La petite histoire&nbsp;: Avant que l\u2019Univers n\u2019existe, les langues, telles que nous les connaissons aujourd\u2019hui, n\u2019existaient pas. On dit qu\u2019il existait une communication de lumi\u00e8re v\u00e9hicul\u00e9e par les&nbsp;<strong>formes-pens\u00e9es<\/strong>&nbsp;d\u2019un Cr\u00e9ateur. Quand le \u201cIl\u201c&nbsp;&nbsp;\u00e0 d\u00e9cider de donner naissance \u00e0 l\u2019Univers pour exp\u00e9rimenter l\u2019extension de son \u00catre dans la mati\u00e8re, ces formes pens\u00e9es se seraient mat\u00e9rialiser et incarner dans un alphabet dit \u201cde lumi\u00e8re\u201c&nbsp;&nbsp;que sont les&nbsp;<strong>Lettres H\u00e9bra\u00efques<\/strong>. Poss\u00e9dant une conscience et des puissances haute vibration,&nbsp;<strong>ces Lettres furent utilis\u00e9es pour donner forme \u00e0 la&nbsp;Cr\u00e9ation Divine.<\/strong><\/p>\n\n\n\n<p>&#8212;&#8212;&#8212;-<\/p>\n\n\n\n<p>Exemple de th\u00e8me.<br><em>Quand on a son th\u00e8me sous les yeux, c&#8217;est aussi jouer \u00e0 ce que ces cartes (donn\u00e9es \u00e0 ma naissance) disent de moi pour ce jour (ou plus large), en ce moment dans ma vie. <\/em><br><em>Me laisser guider par le message, par le comment et o\u00f9 \u00e7a r\u00e9sonne&#8230;<\/em><\/p>\n\n\n\n<figure class=\"wp-block-image size-large\"><img loading=\"lazy\" decoding=\"async\" width=\"768\" height=\"1024\" src=\"https:\/\/geraldinefredon.com\/wp-content\/uploads\/2024\/11\/image-1nb-768x1024.jpg\" alt=\"\" class=\"wp-image-281\" srcset=\"https:\/\/geraldinefredon.com\/wp-content\/uploads\/2024\/11\/image-1nb-768x1024.jpg 768w, https:\/\/geraldinefredon.com\/wp-content\/uploads\/2024\/11\/image-1nb-225x300.jpg 225w, https:\/\/geraldinefredon.com\/wp-content\/uploads\/2024\/11\/image-1nb-1152x1536.jpg 1152w, https:\/\/geraldinefredon.com\/wp-content\/uploads\/2024\/11\/image-1nb-1536x2048.jpg 1536w, https:\/\/geraldinefredon.com\/wp-content\/uploads\/2024\/11\/image-1nb-45x60.jpg 45w, https:\/\/geraldinefredon.com\/wp-content\/uploads\/2024\/11\/image-1nb-scaled.jpg 1920w\" sizes=\"(max-width: 768px) 100vw, 768px\" \/><\/figure>\n","protected":false},"excerpt":{"rendered":"<p>Ton th\u00e8me, tellement te rappel qu&#8217; il n\u2019y a pas d\u2019autre chemin possible que d\u2019\u00eatre pleinement toi-m\u00eame.&nbsp;Ta Raison d&#8217;\u00catre est une v\u00e9ritable rivi\u00e8re de b\u00e9n\u00e9dictions &hellip; <\/p>\n","protected":false},"author":1,"featured_media":0,"parent":0,"menu_order":0,"comment_status":"closed","ping_status":"closed","template":"","meta":{"om_disable_all_campaigns":false,"_monsterinsights_skip_tracking":false,"_monsterinsights_sitenote_active":false,"_monsterinsights_sitenote_note":"","_monsterinsights_sitenote_category":0,"footnotes":""},"aioseo_notices":[],"_links":{"self":[{"href":"https:\/\/geraldinefredon.com\/index.php\/wp-json\/wp\/v2\/pages\/278"}],"collection":[{"href":"https:\/\/geraldinefredon.com\/index.php\/wp-json\/wp\/v2\/pages"}],"about":[{"href":"https:\/\/geraldinefredon.com\/index.php\/wp-json\/wp\/v2\/types\/page"}],"author":[{"embeddable":true,"href":"https:\/\/geraldinefredon.com\/index.php\/wp-json\/wp\/v2\/users\/1"}],"replies":[{"embeddable":true,"href":"https:\/\/geraldinefredon.com\/index.php\/wp-json\/wp\/v2\/comments?post=278"}],"version-history":[{"count":35,"href":"https:\/\/geraldinefredon.com\/index.php\/wp-json\/wp\/v2\/pages\/278\/revisions"}],"predecessor-version":[{"id":1893,"href":"https:\/\/geraldinefredon.com\/index.php\/wp-json\/wp\/v2\/pages\/278\/revisions\/1893"}],"wp:attachment":[{"href":"https:\/\/geraldinefredon.com\/index.php\/wp-json\/wp\/v2\/media?parent=278"}],"curies":[{"name":"wp","href":"https:\/\/api.w.org\/{rel}","templated":true}]}}