{"id":1106,"date":"2025-03-27T14:45:04","date_gmt":"2025-03-27T13:45:04","guid":{"rendered":"https:\/\/geraldinefredon.com\/?page_id=1106"},"modified":"2026-04-03T20:02:50","modified_gmt":"2026-04-03T18:02:50","slug":"galerie-5-projets-dart-divers","status":"publish","type":"page","link":"https:\/\/geraldinefredon.com\/index.php\/galerie-5-projets-dart-divers\/","title":{"rendered":"Galerie 5\/ Projets d&#8217;art divers"},"content":{"rendered":"\n<p>Sur cette page 8 galeries &#8211; 8 projets que je laisse d\u00e9couvrir sans trop parler &#8230;<br>CHUT !&#8230;\u00e7a parle tout seul<\/p>\n\n\n\n<p>enfin \u00e0 moiti\u00e9,&#8230;<br>Projet 1<br>Aussi appel\u00e9es, gommes Magiques, la technique fait d\u00e9couvrir \u00ab&nbsp;l\u2019empreinte&nbsp;\u00bb par frottage. \u201cLe frottage\u201c r\u00e9v\u00e8le une r\u00e9alit\u00e9 diff\u00e9rente de celle que l\u2019on observe habituellement.&nbsp;Ces images \u00ab&nbsp;magiques \u00bb \u00e9veille l\u2019imaginaire et par sa simplicit\u00e9, cette technique&nbsp;permet de d\u00e9couvrir le monde sous un aspect diff\u00e9rent. J&#8217;ai trouv\u00e9 ici un&nbsp;<strong>outil artistique assez remarquable<\/strong>&nbsp;qui existe depuis longtemps et il permet <strong>d&#8217;entrer en immersion plus facilement je trouve. Il est pour petits et grands<\/strong>, jeunes enfants, artistes en herbe ou confirm\u00e9s. &nbsp;Des&nbsp;<strong>possibilit\u00e9s esth\u00e9tiques et techniques vari\u00e9es<\/strong>&nbsp;: Sur papier lisse ou rugueux, sur du bois ou du verre, appliqu\u00e9es de mani\u00e8re l\u00e9g\u00e8re ou intense. Elle s\u2019utilise aussi sur le bois, le tissu, le verre et le papier sulfuris\u00e9. <br><strong>Les couleurs se superposent, se grattent, se m\u00e9langent<\/strong> ; Opaques ou transparentes, elles donnent des <strong>nuances lumineuses et harmonieuses<\/strong>. <br><\/p>\n\n\n\n<figure class=\"wp-block-gallery has-nested-images columns-default is-cropped wp-block-gallery-1 is-layout-flex wp-block-gallery-is-layout-flex\">\n<figure class=\"wp-block-image size-large\"><img loading=\"lazy\" decoding=\"async\" width=\"283\" height=\"398\" data-id=\"1114\" src=\"https:\/\/geraldinefredon.com\/wp-content\/uploads\/2025\/03\/1-4.jpg\" alt=\"\" class=\"wp-image-1114\" srcset=\"https:\/\/geraldinefredon.com\/wp-content\/uploads\/2025\/03\/1-4.jpg 283w, https:\/\/geraldinefredon.com\/wp-content\/uploads\/2025\/03\/1-4-213x300.jpg 213w, https:\/\/geraldinefredon.com\/wp-content\/uploads\/2025\/03\/1-4-43x60.jpg 43w\" sizes=\"(max-width: 283px) 100vw, 283px\" \/><\/figure>\n\n\n\n<figure class=\"wp-block-image size-large\"><img loading=\"lazy\" decoding=\"async\" width=\"283\" height=\"390\" data-id=\"1120\" src=\"https:\/\/geraldinefredon.com\/wp-content\/uploads\/2025\/03\/3-4.jpg\" alt=\"\" class=\"wp-image-1120\" srcset=\"https:\/\/geraldinefredon.com\/wp-content\/uploads\/2025\/03\/3-4.jpg 283w, https:\/\/geraldinefredon.com\/wp-content\/uploads\/2025\/03\/3-4-218x300.jpg 218w, https:\/\/geraldinefredon.com\/wp-content\/uploads\/2025\/03\/3-4-44x60.jpg 44w\" sizes=\"(max-width: 283px) 100vw, 283px\" \/><\/figure>\n\n\n\n<figure class=\"wp-block-image size-large\"><img loading=\"lazy\" decoding=\"async\" width=\"283\" height=\"376\" data-id=\"1119\" src=\"https:\/\/geraldinefredon.com\/wp-content\/uploads\/2025\/03\/4-2.jpg\" alt=\"\" class=\"wp-image-1119\" srcset=\"https:\/\/geraldinefredon.com\/wp-content\/uploads\/2025\/03\/4-2.jpg 283w, https:\/\/geraldinefredon.com\/wp-content\/uploads\/2025\/03\/4-2-226x300.jpg 226w, https:\/\/geraldinefredon.com\/wp-content\/uploads\/2025\/03\/4-2-45x60.jpg 45w\" sizes=\"(max-width: 283px) 100vw, 283px\" \/><\/figure>\n\n\n\n<figure class=\"wp-block-image size-large\"><img loading=\"lazy\" decoding=\"async\" width=\"283\" height=\"361\" data-id=\"1116\" src=\"https:\/\/geraldinefredon.com\/wp-content\/uploads\/2025\/03\/6-2.jpg\" alt=\"\" class=\"wp-image-1116\" srcset=\"https:\/\/geraldinefredon.com\/wp-content\/uploads\/2025\/03\/6-2.jpg 283w, https:\/\/geraldinefredon.com\/wp-content\/uploads\/2025\/03\/6-2-235x300.jpg 235w, https:\/\/geraldinefredon.com\/wp-content\/uploads\/2025\/03\/6-2-47x60.jpg 47w\" sizes=\"(max-width: 283px) 100vw, 283px\" \/><\/figure>\n\n\n\n<figure class=\"wp-block-image size-large\"><img loading=\"lazy\" decoding=\"async\" width=\"283\" height=\"408\" data-id=\"1115\" src=\"https:\/\/geraldinefredon.com\/wp-content\/uploads\/2025\/03\/7-1.jpg\" alt=\"\" class=\"wp-image-1115\" srcset=\"https:\/\/geraldinefredon.com\/wp-content\/uploads\/2025\/03\/7-1.jpg 283w, https:\/\/geraldinefredon.com\/wp-content\/uploads\/2025\/03\/7-1-208x300.jpg 208w, https:\/\/geraldinefredon.com\/wp-content\/uploads\/2025\/03\/7-1-42x60.jpg 42w\" sizes=\"(max-width: 283px) 100vw, 283px\" \/><\/figure>\n\n\n\n<figure class=\"wp-block-image size-large\"><img loading=\"lazy\" decoding=\"async\" width=\"283\" height=\"384\" data-id=\"1113\" src=\"https:\/\/geraldinefredon.com\/wp-content\/uploads\/2025\/03\/8-3.jpg\" alt=\"\" class=\"wp-image-1113\" srcset=\"https:\/\/geraldinefredon.com\/wp-content\/uploads\/2025\/03\/8-3.jpg 283w, https:\/\/geraldinefredon.com\/wp-content\/uploads\/2025\/03\/8-3-221x300.jpg 221w, https:\/\/geraldinefredon.com\/wp-content\/uploads\/2025\/03\/8-3-44x60.jpg 44w\" sizes=\"(max-width: 283px) 100vw, 283px\" \/><\/figure>\n\n\n\n<figure class=\"wp-block-image size-large\"><img loading=\"lazy\" decoding=\"async\" width=\"283\" height=\"408\" data-id=\"1112\" src=\"https:\/\/geraldinefredon.com\/wp-content\/uploads\/2025\/03\/9-2.jpg\" alt=\"\" class=\"wp-image-1112\" srcset=\"https:\/\/geraldinefredon.com\/wp-content\/uploads\/2025\/03\/9-2.jpg 283w, https:\/\/geraldinefredon.com\/wp-content\/uploads\/2025\/03\/9-2-208x300.jpg 208w, https:\/\/geraldinefredon.com\/wp-content\/uploads\/2025\/03\/9-2-42x60.jpg 42w\" sizes=\"(max-width: 283px) 100vw, 283px\" \/><\/figure>\n\n\n\n<figure class=\"wp-block-image size-large\"><img loading=\"lazy\" decoding=\"async\" width=\"283\" height=\"398\" data-id=\"1117\" src=\"https:\/\/geraldinefredon.com\/wp-content\/uploads\/2025\/03\/10-2.jpg\" alt=\"\" class=\"wp-image-1117\" srcset=\"https:\/\/geraldinefredon.com\/wp-content\/uploads\/2025\/03\/10-2.jpg 283w, https:\/\/geraldinefredon.com\/wp-content\/uploads\/2025\/03\/10-2-213x300.jpg 213w, https:\/\/geraldinefredon.com\/wp-content\/uploads\/2025\/03\/10-2-43x60.jpg 43w\" sizes=\"(max-width: 283px) 100vw, 283px\" \/><\/figure>\n\n\n\n<figure class=\"wp-block-image size-large\"><img loading=\"lazy\" decoding=\"async\" width=\"283\" height=\"408\" data-id=\"1118\" src=\"https:\/\/geraldinefredon.com\/wp-content\/uploads\/2025\/03\/11-3.jpg\" alt=\"\" class=\"wp-image-1118\" srcset=\"https:\/\/geraldinefredon.com\/wp-content\/uploads\/2025\/03\/11-3.jpg 283w, https:\/\/geraldinefredon.com\/wp-content\/uploads\/2025\/03\/11-3-208x300.jpg 208w, https:\/\/geraldinefredon.com\/wp-content\/uploads\/2025\/03\/11-3-42x60.jpg 42w\" sizes=\"(max-width: 283px) 100vw, 283px\" \/><\/figure>\n<\/figure>\n\n\n\n<p>Ces pav\u00e9s de cire sont des crayons cire&nbsp;<strong>100 % naturels<\/strong>, \u00e0 base de&nbsp;<strong>pigments de qualit\u00e9 <\/strong>et de cire d&#8217;abeille et de colorants alimentaires. Ils peuvent s\u2019utiliser de plusieurs fa\u00e7ons : dessiner, colorer le papier, cr\u00e9er. . La gomme magique peut \u00e9galement servir comme crayons de couleurs, Si on place sous un papier pas trop \u00e9pais une feuille de v\u00e9g\u00e9tal ou une forme en carton \u00e9pais, et que l&#8217;on gomme la surface avec l\u2019arr\u00eate de la gomme, on voit appara\u00eetre le dessin de la feuille ou de la forme comme ci-dessous.<\/p>\n\n\n\n<p>Un lien ici fort riche d&#8217;Anne Marie Jobin qui parle formidablement bien des m\u00e9diums cr\u00e9atifs nous donnant le go\u00fbt \u00e0 l&#8217;Art, sinon d&#8217;essayer !<br><a href=\"https:\/\/www.youtube.com\/watch?v=wyMmDy7ear0\">https:\/\/www.youtube.com\/watch?v=wyMmDy7ear0<\/a><\/p>\n\n\n\n<p><br><\/p>\n\n\n\n<p>Projet 2<br>Commande d&#8217;illustration\/vitrine pour cabinet de th\u00e9rapeutes. \u201cL arbre v\u00e9g\u00e9talis\u00e9\u201c &#8211; r\u00e9alis\u00e9e sur Lyon.<\/p>\n\n\n\n<figure class=\"wp-block-image size-large\"><img loading=\"lazy\" decoding=\"async\" width=\"1024\" height=\"724\" src=\"https:\/\/geraldinefredon.com\/wp-content\/uploads\/2025\/03\/ILLUSTRATION-Coaching-cab-\u2022-geraldinefredon4-1024x724.jpg\" alt=\"\" class=\"wp-image-1130\" srcset=\"https:\/\/geraldinefredon.com\/wp-content\/uploads\/2025\/03\/ILLUSTRATION-Coaching-cab-\u2022-geraldinefredon4-1024x724.jpg 1024w, https:\/\/geraldinefredon.com\/wp-content\/uploads\/2025\/03\/ILLUSTRATION-Coaching-cab-\u2022-geraldinefredon4-300x212.jpg 300w, https:\/\/geraldinefredon.com\/wp-content\/uploads\/2025\/03\/ILLUSTRATION-Coaching-cab-\u2022-geraldinefredon4-768x543.jpg 768w, https:\/\/geraldinefredon.com\/wp-content\/uploads\/2025\/03\/ILLUSTRATION-Coaching-cab-\u2022-geraldinefredon4-1536x1086.jpg 1536w, https:\/\/geraldinefredon.com\/wp-content\/uploads\/2025\/03\/ILLUSTRATION-Coaching-cab-\u2022-geraldinefredon4-2048x1448.jpg 2048w, https:\/\/geraldinefredon.com\/wp-content\/uploads\/2025\/03\/ILLUSTRATION-Coaching-cab-\u2022-geraldinefredon4-85x60.jpg 85w\" sizes=\"(max-width: 1024px) 100vw, 1024px\" \/><\/figure>\n\n\n\n<figure class=\"wp-block-image size-large\"><img loading=\"lazy\" decoding=\"async\" width=\"1024\" height=\"724\" src=\"https:\/\/geraldinefredon.com\/wp-content\/uploads\/2025\/03\/ILLUSTRATION-Coaching-cab-\u2022-geraldinefredon5-1024x724.jpg\" alt=\"\" class=\"wp-image-1132\" srcset=\"https:\/\/geraldinefredon.com\/wp-content\/uploads\/2025\/03\/ILLUSTRATION-Coaching-cab-\u2022-geraldinefredon5-1024x724.jpg 1024w, https:\/\/geraldinefredon.com\/wp-content\/uploads\/2025\/03\/ILLUSTRATION-Coaching-cab-\u2022-geraldinefredon5-300x212.jpg 300w, https:\/\/geraldinefredon.com\/wp-content\/uploads\/2025\/03\/ILLUSTRATION-Coaching-cab-\u2022-geraldinefredon5-768x543.jpg 768w, https:\/\/geraldinefredon.com\/wp-content\/uploads\/2025\/03\/ILLUSTRATION-Coaching-cab-\u2022-geraldinefredon5-1536x1086.jpg 1536w, https:\/\/geraldinefredon.com\/wp-content\/uploads\/2025\/03\/ILLUSTRATION-Coaching-cab-\u2022-geraldinefredon5-2048x1448.jpg 2048w, https:\/\/geraldinefredon.com\/wp-content\/uploads\/2025\/03\/ILLUSTRATION-Coaching-cab-\u2022-geraldinefredon5-85x60.jpg 85w\" sizes=\"(max-width: 1024px) 100vw, 1024px\" \/><\/figure>\n\n\n\n<figure class=\"wp-block-image size-large\"><img loading=\"lazy\" decoding=\"async\" width=\"1024\" height=\"724\" src=\"https:\/\/geraldinefredon.com\/wp-content\/uploads\/2025\/03\/ILLUSTRATION-Coaching-cab-\u2022-geraldinefredon6-1024x724.jpg\" alt=\"\" class=\"wp-image-1134\" srcset=\"https:\/\/geraldinefredon.com\/wp-content\/uploads\/2025\/03\/ILLUSTRATION-Coaching-cab-\u2022-geraldinefredon6-1024x724.jpg 1024w, https:\/\/geraldinefredon.com\/wp-content\/uploads\/2025\/03\/ILLUSTRATION-Coaching-cab-\u2022-geraldinefredon6-300x212.jpg 300w, https:\/\/geraldinefredon.com\/wp-content\/uploads\/2025\/03\/ILLUSTRATION-Coaching-cab-\u2022-geraldinefredon6-768x543.jpg 768w, https:\/\/geraldinefredon.com\/wp-content\/uploads\/2025\/03\/ILLUSTRATION-Coaching-cab-\u2022-geraldinefredon6-1536x1086.jpg 1536w, https:\/\/geraldinefredon.com\/wp-content\/uploads\/2025\/03\/ILLUSTRATION-Coaching-cab-\u2022-geraldinefredon6-2048x1448.jpg 2048w, https:\/\/geraldinefredon.com\/wp-content\/uploads\/2025\/03\/ILLUSTRATION-Coaching-cab-\u2022-geraldinefredon6-85x60.jpg 85w\" sizes=\"(max-width: 1024px) 100vw, 1024px\" \/><\/figure>\n\n\n\n<figure class=\"wp-block-image size-large\"><img loading=\"lazy\" decoding=\"async\" width=\"1024\" height=\"724\" src=\"https:\/\/geraldinefredon.com\/wp-content\/uploads\/2025\/03\/ILLUSTRATION-Coaching-cab-\u2022-geraldinefredon7-1024x724.jpg\" alt=\"\" class=\"wp-image-1135\" srcset=\"https:\/\/geraldinefredon.com\/wp-content\/uploads\/2025\/03\/ILLUSTRATION-Coaching-cab-\u2022-geraldinefredon7-1024x724.jpg 1024w, https:\/\/geraldinefredon.com\/wp-content\/uploads\/2025\/03\/ILLUSTRATION-Coaching-cab-\u2022-geraldinefredon7-300x212.jpg 300w, https:\/\/geraldinefredon.com\/wp-content\/uploads\/2025\/03\/ILLUSTRATION-Coaching-cab-\u2022-geraldinefredon7-768x543.jpg 768w, https:\/\/geraldinefredon.com\/wp-content\/uploads\/2025\/03\/ILLUSTRATION-Coaching-cab-\u2022-geraldinefredon7-1536x1086.jpg 1536w, https:\/\/geraldinefredon.com\/wp-content\/uploads\/2025\/03\/ILLUSTRATION-Coaching-cab-\u2022-geraldinefredon7-2048x1448.jpg 2048w, https:\/\/geraldinefredon.com\/wp-content\/uploads\/2025\/03\/ILLUSTRATION-Coaching-cab-\u2022-geraldinefredon7-85x60.jpg 85w\" sizes=\"(max-width: 1024px) 100vw, 1024px\" \/><\/figure>\n\n\n\n<figure class=\"wp-block-image size-large\"><img loading=\"lazy\" decoding=\"async\" width=\"1024\" height=\"724\" src=\"https:\/\/geraldinefredon.com\/wp-content\/uploads\/2025\/03\/ILLUSTRATION-Coaching-cab-\u2022-geraldinefredon8-1024x724.jpg\" alt=\"\" class=\"wp-image-1136\" srcset=\"https:\/\/geraldinefredon.com\/wp-content\/uploads\/2025\/03\/ILLUSTRATION-Coaching-cab-\u2022-geraldinefredon8-1024x724.jpg 1024w, https:\/\/geraldinefredon.com\/wp-content\/uploads\/2025\/03\/ILLUSTRATION-Coaching-cab-\u2022-geraldinefredon8-300x212.jpg 300w, https:\/\/geraldinefredon.com\/wp-content\/uploads\/2025\/03\/ILLUSTRATION-Coaching-cab-\u2022-geraldinefredon8-768x543.jpg 768w, https:\/\/geraldinefredon.com\/wp-content\/uploads\/2025\/03\/ILLUSTRATION-Coaching-cab-\u2022-geraldinefredon8-1536x1086.jpg 1536w, https:\/\/geraldinefredon.com\/wp-content\/uploads\/2025\/03\/ILLUSTRATION-Coaching-cab-\u2022-geraldinefredon8-2048x1448.jpg 2048w, https:\/\/geraldinefredon.com\/wp-content\/uploads\/2025\/03\/ILLUSTRATION-Coaching-cab-\u2022-geraldinefredon8-85x60.jpg 85w\" sizes=\"(max-width: 1024px) 100vw, 1024px\" \/><\/figure>\n\n\n\n<figure class=\"wp-block-image size-large\"><img loading=\"lazy\" decoding=\"async\" width=\"1024\" height=\"724\" src=\"https:\/\/geraldinefredon.com\/wp-content\/uploads\/2025\/03\/ILLUSTRATION-Coaching-cab-\u2022-geraldinefredon9-1-1024x724.jpg\" alt=\"\" class=\"wp-image-1137\" srcset=\"https:\/\/geraldinefredon.com\/wp-content\/uploads\/2025\/03\/ILLUSTRATION-Coaching-cab-\u2022-geraldinefredon9-1-1024x724.jpg 1024w, https:\/\/geraldinefredon.com\/wp-content\/uploads\/2025\/03\/ILLUSTRATION-Coaching-cab-\u2022-geraldinefredon9-1-300x212.jpg 300w, https:\/\/geraldinefredon.com\/wp-content\/uploads\/2025\/03\/ILLUSTRATION-Coaching-cab-\u2022-geraldinefredon9-1-768x543.jpg 768w, https:\/\/geraldinefredon.com\/wp-content\/uploads\/2025\/03\/ILLUSTRATION-Coaching-cab-\u2022-geraldinefredon9-1-1536x1086.jpg 1536w, https:\/\/geraldinefredon.com\/wp-content\/uploads\/2025\/03\/ILLUSTRATION-Coaching-cab-\u2022-geraldinefredon9-1-2048x1448.jpg 2048w, https:\/\/geraldinefredon.com\/wp-content\/uploads\/2025\/03\/ILLUSTRATION-Coaching-cab-\u2022-geraldinefredon9-1-85x60.jpg 85w\" sizes=\"(max-width: 1024px) 100vw, 1024px\" \/><\/figure>\n\n\n\n<figure class=\"wp-block-image size-large\"><img loading=\"lazy\" decoding=\"async\" width=\"1024\" height=\"724\" src=\"https:\/\/geraldinefredon.com\/wp-content\/uploads\/2025\/03\/ILLUSTRATION-Coaching-cab-\u2022-geraldinefredon10-1-1024x724.jpg\" alt=\"\" class=\"wp-image-1138\" srcset=\"https:\/\/geraldinefredon.com\/wp-content\/uploads\/2025\/03\/ILLUSTRATION-Coaching-cab-\u2022-geraldinefredon10-1-1024x724.jpg 1024w, https:\/\/geraldinefredon.com\/wp-content\/uploads\/2025\/03\/ILLUSTRATION-Coaching-cab-\u2022-geraldinefredon10-1-300x212.jpg 300w, https:\/\/geraldinefredon.com\/wp-content\/uploads\/2025\/03\/ILLUSTRATION-Coaching-cab-\u2022-geraldinefredon10-1-768x543.jpg 768w, https:\/\/geraldinefredon.com\/wp-content\/uploads\/2025\/03\/ILLUSTRATION-Coaching-cab-\u2022-geraldinefredon10-1-1536x1086.jpg 1536w, https:\/\/geraldinefredon.com\/wp-content\/uploads\/2025\/03\/ILLUSTRATION-Coaching-cab-\u2022-geraldinefredon10-1-2048x1448.jpg 2048w, https:\/\/geraldinefredon.com\/wp-content\/uploads\/2025\/03\/ILLUSTRATION-Coaching-cab-\u2022-geraldinefredon10-1-85x60.jpg 85w\" sizes=\"(max-width: 1024px) 100vw, 1024px\" \/><\/figure>\n\n\n\n<figure class=\"wp-block-image size-large\"><img loading=\"lazy\" decoding=\"async\" width=\"1024\" height=\"724\" src=\"https:\/\/geraldinefredon.com\/wp-content\/uploads\/2025\/03\/ILLUSTRATION-Coaching-cab-\u2022-geraldinefredon11-1-1024x724.jpg\" alt=\"\" class=\"wp-image-1139\" srcset=\"https:\/\/geraldinefredon.com\/wp-content\/uploads\/2025\/03\/ILLUSTRATION-Coaching-cab-\u2022-geraldinefredon11-1-1024x724.jpg 1024w, https:\/\/geraldinefredon.com\/wp-content\/uploads\/2025\/03\/ILLUSTRATION-Coaching-cab-\u2022-geraldinefredon11-1-300x212.jpg 300w, https:\/\/geraldinefredon.com\/wp-content\/uploads\/2025\/03\/ILLUSTRATION-Coaching-cab-\u2022-geraldinefredon11-1-768x543.jpg 768w, https:\/\/geraldinefredon.com\/wp-content\/uploads\/2025\/03\/ILLUSTRATION-Coaching-cab-\u2022-geraldinefredon11-1-1536x1086.jpg 1536w, https:\/\/geraldinefredon.com\/wp-content\/uploads\/2025\/03\/ILLUSTRATION-Coaching-cab-\u2022-geraldinefredon11-1-2048x1448.jpg 2048w, https:\/\/geraldinefredon.com\/wp-content\/uploads\/2025\/03\/ILLUSTRATION-Coaching-cab-\u2022-geraldinefredon11-1-85x60.jpg 85w\" sizes=\"(max-width: 1024px) 100vw, 1024px\" \/><\/figure>\n","protected":false},"excerpt":{"rendered":"<p>Sur cette page 8 galeries &#8211; 8 projets que je laisse d\u00e9couvrir sans trop parler &#8230;CHUT !&#8230;\u00e7a parle tout seul enfin \u00e0 moiti\u00e9,&#8230;Projet 1Aussi appel\u00e9es, &hellip; <\/p>\n","protected":false},"author":1,"featured_media":0,"parent":0,"menu_order":0,"comment_status":"closed","ping_status":"closed","template":"","meta":{"om_disable_all_campaigns":false,"_monsterinsights_skip_tracking":false,"_monsterinsights_sitenote_active":false,"_monsterinsights_sitenote_note":"","_monsterinsights_sitenote_category":0,"footnotes":""},"aioseo_notices":[],"_links":{"self":[{"href":"https:\/\/geraldinefredon.com\/index.php\/wp-json\/wp\/v2\/pages\/1106"}],"collection":[{"href":"https:\/\/geraldinefredon.com\/index.php\/wp-json\/wp\/v2\/pages"}],"about":[{"href":"https:\/\/geraldinefredon.com\/index.php\/wp-json\/wp\/v2\/types\/page"}],"author":[{"embeddable":true,"href":"https:\/\/geraldinefredon.com\/index.php\/wp-json\/wp\/v2\/users\/1"}],"replies":[{"embeddable":true,"href":"https:\/\/geraldinefredon.com\/index.php\/wp-json\/wp\/v2\/comments?post=1106"}],"version-history":[{"count":10,"href":"https:\/\/geraldinefredon.com\/index.php\/wp-json\/wp\/v2\/pages\/1106\/revisions"}],"predecessor-version":[{"id":1900,"href":"https:\/\/geraldinefredon.com\/index.php\/wp-json\/wp\/v2\/pages\/1106\/revisions\/1900"}],"wp:attachment":[{"href":"https:\/\/geraldinefredon.com\/index.php\/wp-json\/wp\/v2\/media?parent=1106"}],"curies":[{"name":"wp","href":"https:\/\/api.w.org\/{rel}","templated":true}]}}